{"id":790,"date":"2021-09-18T10:41:10","date_gmt":"2021-09-18T10:41:10","guid":{"rendered":"https:\/\/stage.startertemplatecloud.com\/g15\/?page_id=790"},"modified":"2022-11-13T21:46:02","modified_gmt":"2022-11-13T21:46:02","slug":"contact","status":"publish","type":"page","link":"https:\/\/cem.diecezjasandomierska.pl\/?page_id=790","title":{"rendered":"Contact"},"content":{"rendered":"<style id=\"kb-rowlayout_c1e3de-fb\">#kt-layout-id_c1e3de-fb > .kt-row-column-wrap{padding-top:150px;padding-bottom:120px;padding-left:0px;padding-right:0px;max-width:600px;margin-left:auto;margin-right:auto;}#kt-layout-id_c1e3de-fb > .kt-row-layout-overlay{opacity:0.70;background-image:url('http:\/\/cem.diecezjasandomierska.pl\/wp-content\/uploads\/2021\/04\/bg-0.png');background-size:cover;background-position:center center;background-attachment:fixed;background-repeat:no-repeat;}@media all and (max-width: 1024px){#kt-layout-id_c1e3de-fb > .kt-row-column-wrap{padding-top:140px;padding-right:0px;padding-bottom:80px;padding-left:0px;}}@media all and (max-width: 767px){#kt-layout-id_c1e3de-fb > .kt-row-column-wrap{padding-top:120px;padding-bottom:50px;padding-left:20px;padding-right:20px;}}<\/style>\n<div class=\"wp-block-kadence-rowlayout alignnone\"><div id=\"kt-layout-id_c1e3de-fb\" class=\"kt-row-layout-inner kt-row-has-bg kt-layout-id_c1e3de-fb has-theme-palette-8-background-color\"><div class=\"kt-row-layout-overlay kt-row-overlay-normal\"><\/div><div class=\"kt-row-column-wrap kt-has-1-columns kt-gutter-default kt-v-gutter-default kt-row-valign-top kt-row-layout-equal kt-tab-layout-inherit kt-m-colapse-left-to-right kt-mobile-layout-row\"><style id=\"kb-column_04fc9b-67\">.kadence-column_04fc9b-67 > .kt-inside-inner-col{padding-top:10px;padding-bottom:10px;padding-left:10px;padding-right:10px;}<\/style>\n<div class=\"wp-block-kadence-column inner-column-1 kadence-column_04fc9b-67\"><div class=\"kt-inside-inner-col\"><style id=\"kb-advancedheading_b4c0b6-7d\">#kt-adv-heading_b4c0b6-7d, #kt-adv-heading_b4c0b6-7d .wp-block-kadence-advancedheading, .wp-block-kadence-advancedheading.kt-adv-heading_b4c0b6-7d[data-kb-block=\"kb-adv-heading_b4c0b6-7d\"], .kadence-advanced-heading-wrapper .kt-adv-heading_b4c0b6-7d[data-kb-block=\"kb-adv-heading_b4c0b6-7d\"]{text-align:center;line-height:1em;margin-bottom:22.5px;}@media all and (max-width: 1024px){#kt-adv-heading_b4c0b6-7d, #kt-adv-heading_b4c0b6-7d .wp-block-kadence-advancedheading, .wp-block-kadence-advancedheading.kt-adv-heading_b4c0b6-7d[data-kb-block=\"kb-adv-heading_b4c0b6-7d\"], .kadence-advanced-heading-wrapper .kt-adv-heading_b4c0b6-7d[data-kb-block=\"kb-adv-heading_b4c0b6-7d\"]{margin-bottom:17.5px;}}<\/style>\n<h1 class=\"kt-adv-heading_b4c0b6-7d wp-block-kadence-advancedheading\" data-kb-block=\"kb-adv-heading_b4c0b6-7d\">Napisz do nas<\/h1>\n\n\n<style id=\"kb-advancedheading_50b4a3-43\">#kt-adv-heading_50b4a3-43, #kt-adv-heading_50b4a3-43 .wp-block-kadence-advancedheading, .wp-block-kadence-advancedheading.kt-adv-heading_50b4a3-43[data-kb-block=\"kb-adv-heading_50b4a3-43\"], .kadence-advanced-heading-wrapper .kt-adv-heading_50b4a3-43[data-kb-block=\"kb-adv-heading_50b4a3-43\"]{text-align:center;}<\/style>\n<p class=\"kt-adv-heading_50b4a3-43 wp-block-kadence-advancedheading\" data-kb-block=\"kb-adv-heading_50b4a3-43\">Je\u015bli masz pytania, potrzebujesz pomocy, chcesz dopyta\u0107 o szczeg\u00f3\u0142y.<\/p>\n<\/div><\/div>\n<\/div><\/div><\/div>\n\n\n<style id=\"kb-rowlayout_e1fd74-3a\">#kt-layout-id_e1fd74-3a > .kt-row-column-wrap.kb-theme-content-width{max-width:1290px;}.kt-layout-id_e1fd74-3a > .kb-theme-content-width{padding-left:var(--global-content-edge-padding);padding-right:var(--global-content-edge-padding);}#kt-layout-id_e1fd74-3a > .kt-row-column-wrap{padding-top:120px;padding-bottom:0px;padding-left:0px;padding-right:0px;max-width:1140px;margin-left:auto;margin-right:auto;}@media all and (max-width: 1024px){#kt-layout-id_e1fd74-3a > .kt-row-column-wrap{padding-top:40px;padding-right:30px;padding-bottom:0px;padding-left:20px;}}@media all and (max-width: 767px){#kt-layout-id_e1fd74-3a > .kt-row-column-wrap{padding-top:70px;padding-bottom:0px;padding-left:20px;padding-right:20px;}}<\/style>\n<div class=\"wp-block-kadence-rowlayout alignnone\"><div id=\"kt-layout-id_e1fd74-3a\" class=\"kt-row-layout-inner kt-layout-id_e1fd74-3a\"><div class=\"kt-row-column-wrap kt-has-2-columns kt-gutter-none kt-v-gutter-none kt-row-valign-top kt-row-layout-equal kt-tab-layout-row kt-m-colapse-left-to-right kt-mobile-layout-row kb-theme-content-width\"><style id=\"kb-column_0e864d-bb\">.kadence-column_0e864d-bb > .kt-inside-inner-col{padding-top:10px;padding-bottom:10px;padding-left:10px;padding-right:10px;}.wp-block-kadence-column.kadence-column_0e864d-bb > .kt-inside-inner-col{margin-top:0px;margin-bottom:0px;margin-right:120px;margin-left:0px;}@media all and (max-width: 1024px){.kadence-column_0e864d-bb > .kt-inside-inner-col{padding-top:60px;padding-bottom:80px;padding-left:40px;padding-right:40px;}.wp-block-kadence-column.kadence-column_0e864d-bb > .kt-inside-inner-col{margin-top:0px;margin-bottom:0px;margin-right:0px;margin-left:0px;}}@media all and (max-width: 767px){.kadence-column_0e864d-bb > .kt-inside-inner-col{padding-top:0px;padding-bottom:0px;padding-left:0px;padding-right:0px;}.wp-block-kadence-column.kadence-column_0e864d-bb > .kt-inside-inner-col{margin-top:0px;margin-bottom:0px;margin-right:0px;margin-left:0px;}}<\/style>\n<div class=\"wp-block-kadence-column inner-column-1 kadence-column_0e864d-bb\"><div class=\"kt-inside-inner-col\"><style id=\"kb-advancedheading_d91ee7-19\">#kt-adv-heading_d91ee7-19, #kt-adv-heading_d91ee7-19 .wp-block-kadence-advancedheading, .wp-block-kadence-advancedheading.kt-adv-heading_d91ee7-19[data-kb-block=\"kb-adv-heading_d91ee7-19\"], .kadence-advanced-heading-wrapper .kt-adv-heading_d91ee7-19[data-kb-block=\"kb-adv-heading_d91ee7-19\"]{text-align:left;line-height:1em;margin-bottom:40px;}@media all and (max-width: 1024px){#kt-adv-heading_d91ee7-19, #kt-adv-heading_d91ee7-19 .wp-block-kadence-advancedheading, .wp-block-kadence-advancedheading.kt-adv-heading_d91ee7-19[data-kb-block=\"kb-adv-heading_d91ee7-19\"], .kadence-advanced-heading-wrapper .kt-adv-heading_d91ee7-19[data-kb-block=\"kb-adv-heading_d91ee7-19\"]{text-align:center!important;}}<\/style>\n<h2 class=\"kt-adv-heading_d91ee7-19 wp-block-kadence-advancedheading\" data-kb-block=\"kb-adv-heading_d91ee7-19\">Zapraszamy do kontaktu z nami<\/h2>\n\n\n<style id=\"kb-advancedheading_489245-cc\">@media all and (max-width: 1024px){#kt-adv-heading_489245-cc, #kt-adv-heading_489245-cc .wp-block-kadence-advancedheading, .wp-block-kadence-advancedheading.kt-adv-heading_489245-cc[data-kb-block=\"kb-adv-heading_489245-cc\"], .kadence-advanced-heading-wrapper .kt-adv-heading_489245-cc[data-kb-block=\"kb-adv-heading_489245-cc\"]{text-align:center!important;}}<\/style>\n<p class=\"kt-adv-heading_489245-cc wp-block-kadence-advancedheading\" data-kb-block=\"kb-adv-heading_489245-cc\">Je\u015bli masz do nas pytanie, chcia\u0142by\u015b um\u00f3wi\u0107 spotkanie, napisz do nas. Odezwiemy si\u0119 do Ciebie.<\/p>\n\n\n<style id=\"kb-advancedheading_64d28b-2c\">#kt-adv-heading_64d28b-2c, #kt-adv-heading_64d28b-2c .wp-block-kadence-advancedheading, .wp-block-kadence-advancedheading.kt-adv-heading_64d28b-2c[data-kb-block=\"kb-adv-heading_64d28b-2c\"], .kadence-advanced-heading-wrapper .kt-adv-heading_64d28b-2c[data-kb-block=\"kb-adv-heading_64d28b-2c\"]{margin-bottom:20px;}@media all and (max-width: 1024px){#kt-adv-heading_64d28b-2c, #kt-adv-heading_64d28b-2c .wp-block-kadence-advancedheading, .wp-block-kadence-advancedheading.kt-adv-heading_64d28b-2c[data-kb-block=\"kb-adv-heading_64d28b-2c\"], .kadence-advanced-heading-wrapper .kt-adv-heading_64d28b-2c[data-kb-block=\"kb-adv-heading_64d28b-2c\"]{text-align:center!important;}}<\/style>\n<p class=\"kt-adv-heading_64d28b-2c wp-block-kadence-advancedheading\" data-kb-block=\"kb-adv-heading_64d28b-2c\"><\/p>\n<\/div><\/div>\n\n\n\n<div class=\"wp-block-kadence-column inner-column-2 kadence-column_42922e-bd\"><div class=\"kt-inside-inner-col\"><div class=\"wpforms-container wpforms-container-full\" id=\"wpforms-1451\"><form id=\"wpforms-form-1451\" class=\"wpforms-validate wpforms-form wpforms-ajax-form\" data-formid=\"1451\" method=\"post\" enctype=\"multipart\/form-data\" action=\"\/index.php?rest_route=%2Fwp%2Fv2%2Fpages%2F790\" data-token=\"7cd42e4cf6cfde7ecf035491914a1cc7\"><noscript class=\"wpforms-error-noscript\">Please enable JavaScript in your browser to complete this form.<\/noscript><div class=\"wpforms-field-container\"><div id=\"wpforms-1451-field_0-container\" class=\"wpforms-field wpforms-field-name\" data-field-id=\"0\"><label class=\"wpforms-field-label\" for=\"wpforms-1451-field_0\">Imi\u0119 <span class=\"wpforms-required-label\">*<\/span><\/label><input type=\"text\" id=\"wpforms-1451-field_0\" class=\"wpforms-field-medium wpforms-field-required\" name=\"wpforms[fields][0]\" required><\/div><div id=\"wpforms-1451-field_1-container\" class=\"wpforms-field wpforms-field-email\" data-field-id=\"1\"><label class=\"wpforms-field-label\" for=\"wpforms-1451-field_1\">Email <span class=\"wpforms-required-label\">*<\/span><\/label><input type=\"email\" id=\"wpforms-1451-field_1\" class=\"wpforms-field-medium wpforms-field-required\" name=\"wpforms[fields][1]\" required><\/div><div id=\"wpforms-1451-field_2-container\" class=\"wpforms-field wpforms-field-textarea\" data-field-id=\"2\"><label class=\"wpforms-field-label\" for=\"wpforms-1451-field_2\">Wiadomo\u015b\u0107 <span class=\"wpforms-required-label\">*<\/span><\/label><textarea id=\"wpforms-1451-field_2\" class=\"wpforms-field-medium wpforms-field-required\" name=\"wpforms[fields][2]\" required><\/textarea><\/div><\/div><div class=\"wpforms-submit-container\"><input type=\"hidden\" name=\"wpforms[id]\" value=\"1451\"><input type=\"hidden\" name=\"wpforms[author]\" value=\"1\"><button type=\"submit\" name=\"wpforms[submit]\" id=\"wpforms-submit-1451\" class=\"wpforms-submit\" data-alt-text=\"Wysy\u0142am...\" data-submit-text=\"Wy\u015blij\" aria-live=\"assertive\" value=\"wpforms-submit\">Wy\u015blij<\/button><img loading=\"lazy\" decoding=\"async\" src=\"https:\/\/cem.diecezjasandomierska.pl\/wp-content\/plugins\/wpforms-lite\/assets\/images\/submit-spin.svg\" class=\"wpforms-submit-spinner\" style=\"display: none;\" width=\"26\" height=\"26\" alt=\"Loading\"><\/div><\/form><\/div>  <!-- .wpforms-container --><\/div><\/div>\n<\/div><\/div><\/div>\n\n\n<style id=\"kb-rowlayout_71da59-85\">#kt-layout-id_71da59-85 > .kt-row-column-wrap.kb-theme-content-width{max-width:1290px;}.kt-layout-id_71da59-85 > .kb-theme-content-width{padding-left:var(--global-content-edge-padding);padding-right:var(--global-content-edge-padding);}#kt-layout-id_71da59-85{margin-top:20px;margin-bottom:30px;}#kt-layout-id_71da59-85 > .kt-row-column-wrap{padding-top:80px;padding-bottom:80px;padding-left:0px;padding-right:0px;max-width:1140px;margin-left:auto;margin-right:auto;}@media all and (max-width: 1024px){#kt-layout-id_71da59-85{margin-top:0px;margin-bottom:0px;}#kt-layout-id_71da59-85 > .kt-row-column-wrap{padding-top:80px;padding-right:30px;padding-bottom:40px;padding-left:20px;}}@media all and (max-width: 767px){#kt-layout-id_71da59-85{margin-top:0px;margin-bottom:0px;}#kt-layout-id_71da59-85 > .kt-row-column-wrap{padding-top:70px;padding-bottom:0px;padding-left:0px;padding-right:0px;}}<\/style>\n<div class=\"wp-block-kadence-rowlayout alignnone\"><div id=\"kt-layout-id_71da59-85\" class=\"kt-row-layout-inner kt-row-has-bg kt-layout-id_71da59-85 has-theme-palette-9-background-color\"><div class=\"kt-row-column-wrap kt-has-1-columns kt-gutter-default kt-v-gutter-default kt-row-valign-top kt-row-layout-equal kt-tab-layout-inherit kt-m-colapse-left-to-right kt-mobile-layout-row kb-theme-content-width\"><style id=\"kb-column_3f5549-25\">.kadence-column_3f5549-25 > .kt-inside-inner-col{padding-top:80px;padding-bottom:80px;padding-left:80px;padding-right:80px;border-top-width:0px;border-right-width:0px;border-bottom-width:0px;border-left-width:0px;border-top-left-radius:20px;border-top-right-radius:20px;border-bottom-right-radius:20px;border-bottom-left-radius:20px;}.kadence-column_3f5549-25 > .kt-inside-inner-col{background-color:var(--global-palette8, #F7FAFC);}@media all and (max-width: 1024px){.kadence-column_3f5549-25 > .kt-inside-inner-col{padding-top:70px;padding-bottom:10px;padding-left:50px;padding-right:50px;}}@media all and (max-width: 767px){.kadence-column_3f5549-25 > .kt-inside-inner-col{padding-top:70px;padding-bottom:0px;padding-left:30px;padding-right:30px;}}.kadence-column_3f5549-25 { \n}<\/style>\n<div class=\"wp-block-kadence-column inner-column-1 kadence-column_3f5549-25 kb-section-dir-vertical\"><div class=\"kt-inside-inner-col\"><style id=\"kb-rowlayout_dd5904-0c\">#kt-layout-id_dd5904-0c > .kt-row-column-wrap{padding-top:0px;padding-bottom:0px;padding-left:0px;padding-right:0px;max-width:700px;margin-left:auto;margin-right:auto;}<\/style>\n<div class=\"wp-block-kadence-rowlayout alignnone\"><div id=\"kt-layout-id_dd5904-0c\" class=\"kt-row-layout-inner kt-layout-id_dd5904-0c\"><div class=\"kt-row-column-wrap kt-has-1-columns kt-gutter-default kt-v-gutter-default kt-row-valign-top kt-row-layout-equal kt-tab-layout-inherit kt-m-colapse-left-to-right kt-mobile-layout-row\"><style id=\"kb-column_3daec1-08\">.kadence-column_3daec1-08 > .kt-inside-inner-col{padding-top:0px;padding-bottom:0px;padding-left:0px;padding-right:0px;}<\/style>\n<div class=\"wp-block-kadence-column inner-column-1 kadence-column_3daec1-08\"><div class=\"kt-inside-inner-col\"><style id=\"kb-advancedheading_e4c08a-8d\">#kt-adv-heading_e4c08a-8d, #kt-adv-heading_e4c08a-8d .wp-block-kadence-advancedheading, .wp-block-kadence-advancedheading.kt-adv-heading_e4c08a-8d[data-kb-block=\"kb-adv-heading_e4c08a-8d\"], .kadence-advanced-heading-wrapper .kt-adv-heading_e4c08a-8d[data-kb-block=\"kb-adv-heading_e4c08a-8d\"]{text-align:center;line-height:1em;margin-bottom:40px;}<\/style>\n<h2 class=\"kt-adv-heading_e4c08a-8d wp-block-kadence-advancedheading\" data-kb-block=\"kb-adv-heading_e4c08a-8d\">Kontakt z koordynatorem<\/h2>\n\n\n<style id=\"kb-advancedheading_295a43-0d\">#kt-adv-heading_295a43-0d, #kt-adv-heading_295a43-0d .wp-block-kadence-advancedheading, .wp-block-kadence-advancedheading.kt-adv-heading_295a43-0d[data-kb-block=\"kb-adv-heading_295a43-0d\"], .kadence-advanced-heading-wrapper .kt-adv-heading_295a43-0d[data-kb-block=\"kb-adv-heading_295a43-0d\"]{text-align:center;margin-bottom:60px;}<\/style>\n<p class=\"kt-adv-heading_295a43-0d wp-block-kadence-advancedheading\" data-kb-block=\"kb-adv-heading_295a43-0d\">Ks. dr Rafa\u0142 Kusiak<\/p>\n<\/div><\/div>\n<\/div><\/div><\/div>\n\n\n<style id=\"kb-rowlayout_c9c286-7b\">#kt-layout-id_c9c286-7b{margin-top:0px;margin-bottom:0px;}#kt-layout-id_c9c286-7b > .kt-row-column-wrap{padding-top:0px;padding-bottom:0px;padding-left:0px;padding-right:0px;max-width:1140px;margin-left:auto;margin-right:auto;}@media all and (max-width: 1024px){#kt-layout-id_c9c286-7b{margin-top:0px;margin-bottom:70px;}}<\/style>\n<div class=\"wp-block-kadence-rowlayout alignnone\"><div id=\"kt-layout-id_c9c286-7b\" class=\"kt-row-layout-inner kt-layout-id_c9c286-7b\"><div class=\"kt-row-column-wrap kt-has-2-columns kt-gutter-none kt-v-gutter-none kt-row-valign-top kt-row-layout-equal kt-tab-layout-inherit kt-m-colapse-left-to-right kt-mobile-layout-row\"><style id=\"kb-column_73ac0d-a8\">.kadence-column_73ac0d-a8 > .kt-inside-inner-col{padding-top:0px;padding-bottom:0px;padding-left:0px;padding-right:0px;}.wp-block-kadence-column.kadence-column_73ac0d-a8 > .kt-inside-inner-col{margin-top:0px;margin-bottom:0px;margin-right:15px;margin-left:0px;}@media all and (max-width: 1024px){.wp-block-kadence-column.kadence-column_73ac0d-a8 > .kt-inside-inner-col{margin-top:0px;margin-bottom:20px;margin-right:0px;margin-left:0px;}}@media all and (max-width: 767px){.wp-block-kadence-column.kadence-column_73ac0d-a8 > .kt-inside-inner-col{margin-top:0px;margin-bottom:0px;margin-right:0px;margin-left:0px;}}<\/style>\n<div class=\"wp-block-kadence-column inner-column-1 kadence-column_73ac0d-a8\"><div class=\"kt-inside-inner-col\"><style id=\"kb-infobox_b35ecb-73\">#kt-info-box_b35ecb-73 .kt-blocks-info-box-link-wrap{border-radius:10px;background:var(--global-palette9, #ffffff);padding-top:25px;padding-right:30px;padding-bottom:25px;padding-left:30px;border-top-width:0px;border-right-width:0px;border-bottom-width:0px;border-left-width:0px;}#kt-info-box_b35ecb-73 .kt-blocks-info-box-link-wrap:hover{border-color:rgba(238, 238, 238, 0);background:var(--global-palette9, #ffffff);}#kt-info-box_b35ecb-73 .kt-info-svg-icon, #kt-info-box_b35ecb-73 .kt-info-svg-icon-flip, #kt-info-box_b35ecb-73 .kt-blocks-info-box-number{font-size:22px;}#kt-info-box_b35ecb-73 .kt-blocks-info-box-media{color:var(--global-palette9, #ffffff);background:var(--global-palette1, #3182CE);border-color:#eeeeee;border-radius:200px;border-top-width:0px;border-right-width:0px;border-bottom-width:0px;border-left-width:0px;padding-top:13px;padding-right:13px;padding-bottom:13px;padding-left:13px;margin-top:0px;margin-right:15px;margin-bottom:0px;margin-left:15px;}#kt-info-box_b35ecb-73 .kt-blocks-info-box-media .kadence-info-box-image-intrisic:not(.kb-info-box-image-ratio) img{border-radius:200px;}#kt-info-box_b35ecb-73 .kt-blocks-info-box-link-wrap:hover .kt-blocks-info-box-media{color:var(--global-palette9, #ffffff);background:var(--global-palette1, #3182CE);border-color:#eeeeee;}#kt-info-box_b35ecb-73 .kt-blocks-info-box-title{color:var(--global-palette3, #1A202C);font-size:19px;line-height:30px;font-family:Jost;font-style:normal;font-weight:500;padding-top:0px;padding-right:0px;padding-bottom:0px;padding-left:0px;margin-top:0px;margin-right:0px;margin-bottom:5px;margin-left:0px;}@media all and (max-width: 767px){#kt-info-box_b35ecb-73 .kt-blocks-info-box-link-wrap{display:block;}#kt-info-box_b35ecb-73 .kt-blocks-info-box-link-wrap .kt-blocks-info-box-media{display:inline-block;max-width:100%;}}#kt-info-box_b35ecb-73 .kt-blocks-info-box-text{margin-top:0px;margin-right:0px;margin-bottom:0px;margin-left:0px;}#kt-info-box_b35ecb-73 .kt-blocks-info-box-link-wrap:hover{box-shadow:20px 20px 80px 0px rgba(27, 0, 79, 0.06);}<\/style>\n<div id=\"kt-info-box_b35ecb-73\" class=\"wp-block-kadence-infobox\"><a class=\"kt-blocks-info-box-link-wrap info-box-link kt-blocks-info-box-media-align-left kt-info-halign-left kb-info-box-vertical-media-align-top kb-info-mobile-halign-center\"><div class=\"kt-blocks-info-box-media-container\"><div class=\"kt-blocks-info-box-media kt-info-media-animate-none\"><div class=\"kadence-info-box-icon-container kt-info-icon-animate-none\"><div class=\"kadence-info-box-icon-inner-container\"><span style=\"display:block;justify-content:center;align-items:center\" class=\"kt-info-svg-icon kt-info-svg-icon-fe_mail\"><svg style=\"display:inline-block;vertical-align:middle\" viewBox=\"0 0 24 24\" height=\"22\" width=\"22\" fill=\"none\" stroke=\"currentColor\" xmlns=\"http:\/\/www.w3.org\/2000\/svg\" stroke-width=\"2.5\" stroke-linecap=\"round\" stroke-linejoin=\"round\" aria-hidden=\"true\"><path d=\"M4 4h16c1.1 0 2 .9 2 2v12c0 1.1-.9 2-2 2H4c-1.1 0-2-.9-2-2V6c0-1.1.9-2 2-2z\"><\/path><polyline points=\"22,6 12,13 2,6\"><\/polyline><\/svg><\/span><\/div><\/div><\/div><\/div><div class=\"kt-infobox-textcontent\"><h2 class=\"kt-blocks-info-box-title\">Email:<\/h2><p class=\"kt-blocks-info-box-text\">rafalkusiak@gmail.com<\/p><\/div><\/a><\/div>\n<\/div><\/div>\n\n\n<style id=\"kb-column_452d18-13\">.kadence-column_452d18-13 > .kt-inside-inner-col{padding-top:0px;padding-bottom:0px;padding-left:0px;padding-right:0px;}.wp-block-kadence-column.kadence-column_452d18-13 > .kt-inside-inner-col{margin-top:0px;margin-bottom:0px;margin-right:15px;margin-left:15px;}@media all and (max-width: 1024px){.wp-block-kadence-column.kadence-column_452d18-13 > .kt-inside-inner-col{margin-top:0px;margin-bottom:20px;margin-right:0px;margin-left:0px;}}@media all and (max-width: 767px){.wp-block-kadence-column.kadence-column_452d18-13 > .kt-inside-inner-col{margin-top:30px;margin-bottom:0px;margin-right:0px;margin-left:0px;}}<\/style>\n<div class=\"wp-block-kadence-column inner-column-2 kadence-column_452d18-13\"><div class=\"kt-inside-inner-col\"><style id=\"kb-infobox_fd084b-bd\">#kt-info-box_fd084b-bd .kt-blocks-info-box-link-wrap{border-radius:10px;background:var(--global-palette9, #ffffff);padding-top:25px;padding-right:30px;padding-bottom:25px;padding-left:30px;border-top-width:0px;border-right-width:0px;border-bottom-width:0px;border-left-width:0px;}#kt-info-box_fd084b-bd .kt-blocks-info-box-link-wrap:hover{border-color:rgba(238, 238, 238, 0);background:var(--global-palette9, #ffffff);}#kt-info-box_fd084b-bd .kt-info-svg-icon, #kt-info-box_fd084b-bd .kt-info-svg-icon-flip, #kt-info-box_fd084b-bd .kt-blocks-info-box-number{font-size:22px;}#kt-info-box_fd084b-bd .kt-blocks-info-box-media{color:var(--global-palette9, #ffffff);background:var(--global-palette1, #3182CE);border-color:#eeeeee;border-radius:200px;border-top-width:0px;border-right-width:0px;border-bottom-width:0px;border-left-width:0px;padding-top:13px;padding-right:13px;padding-bottom:13px;padding-left:13px;margin-top:0px;margin-right:15px;margin-bottom:0px;margin-left:15px;}#kt-info-box_fd084b-bd .kt-blocks-info-box-media .kadence-info-box-image-intrisic:not(.kb-info-box-image-ratio) img{border-radius:200px;}#kt-info-box_fd084b-bd .kt-blocks-info-box-link-wrap:hover .kt-blocks-info-box-media{color:var(--global-palette9, #ffffff);background:var(--global-palette1, #3182CE);border-color:#eeeeee;}#kt-info-box_fd084b-bd .kt-blocks-info-box-title{color:var(--global-palette3, #1A202C);font-size:19px;line-height:30px;font-family:Jost;font-style:normal;font-weight:500;padding-top:0px;padding-right:0px;padding-bottom:0px;padding-left:0px;margin-top:0px;margin-right:0px;margin-bottom:5px;margin-left:0px;}@media all and (max-width: 767px){#kt-info-box_fd084b-bd .kt-blocks-info-box-link-wrap{display:block;}#kt-info-box_fd084b-bd .kt-blocks-info-box-link-wrap .kt-blocks-info-box-media{display:inline-block;max-width:100%;}}#kt-info-box_fd084b-bd .kt-blocks-info-box-link-wrap:hover{box-shadow:20px 20px 80px 0px rgba(27, 0, 79, 0.06);}<\/style>\n<div id=\"kt-info-box_fd084b-bd\" class=\"wp-block-kadence-infobox\"><a class=\"kt-blocks-info-box-link-wrap info-box-link kt-blocks-info-box-media-align-left kt-info-halign-left kb-info-box-vertical-media-align-top kb-info-mobile-halign-center\"><div class=\"kt-blocks-info-box-media-container\"><div class=\"kt-blocks-info-box-media kt-info-media-animate-none\"><div class=\"kadence-info-box-icon-container kt-info-icon-animate-none\"><div class=\"kadence-info-box-icon-inner-container\"><span style=\"display:block;justify-content:center;align-items:center\" class=\"kt-info-svg-icon kt-info-svg-icon-fe_phone\"><svg style=\"display:inline-block;vertical-align:middle\" viewBox=\"0 0 24 24\" height=\"22\" width=\"22\" fill=\"none\" stroke=\"currentColor\" xmlns=\"http:\/\/www.w3.org\/2000\/svg\" stroke-width=\"2.5\" stroke-linecap=\"round\" stroke-linejoin=\"round\" aria-hidden=\"true\"><path d=\"M22 16.92v3a2 2 0 0 1-2.18 2 19.79 19.79 0 0 1-8.63-3.07 19.5 19.5 0 0 1-6-6 19.79 19.79 0 0 1-3.07-8.67A2 2 0 0 1 4.11 2h3a2 2 0 0 1 2 1.72 12.84 12.84 0 0 0 .7 2.81 2 2 0 0 1-.45 2.11L8.09 9.91a16 16 0 0 0 6 6l1.27-1.27a2 2 0 0 1 2.11-.45 12.84 12.84 0 0 0 2.81.7A2 2 0 0 1 22 16.92z\"><\/path><\/svg><\/span><\/div><\/div><\/div><\/div><div class=\"kt-infobox-textcontent\"><h2 class=\"kt-blocks-info-box-title\">Telefon:<\/h2><p class=\"kt-blocks-info-box-text\">+48 508 602 806<\/p><\/div><\/a><\/div>\n<\/div><\/div>\n<\/div><\/div><\/div>\n<\/div><\/div>\n<\/div><\/div><\/div>\n","protected":false},"excerpt":{"rendered":"<p>Napisz do nas Je\u015bli masz pytania, potrzebujesz pomocy, chcesz dopyta\u0107 o szczeg\u00f3\u0142y. Zapraszamy do kontaktu z nami Je\u015bli masz do nas pytanie, chcia\u0142by\u015b um\u00f3wi\u0107 spotkanie, napisz do nas. Odezwiemy si\u0119 do Ciebie. Kontakt z koordynatorem Ks. dr Rafa\u0142 Kusiak<\/p>\n","protected":false},"author":1,"featured_media":0,"parent":0,"menu_order":0,"comment_status":"closed","ping_status":"closed","template":"","meta":{"_kad_post_transparent":"","_kad_post_title":"hide","_kad_post_layout":"fullwidth","_kad_post_sidebar_id":"","_kad_post_content_style":"unboxed","_kad_post_vertical_padding":"hide","_kad_post_feature":"hide","_kad_post_feature_position":"","_kad_post_header":false,"_kad_post_footer":false,"footnotes":""},"class_list":["post-790","page","type-page","status-publish","hentry"],"_links":{"self":[{"href":"https:\/\/cem.diecezjasandomierska.pl\/index.php?rest_route=\/wp\/v2\/pages\/790","targetHints":{"allow":["GET"]}}],"collection":[{"href":"https:\/\/cem.diecezjasandomierska.pl\/index.php?rest_route=\/wp\/v2\/pages"}],"about":[{"href":"https:\/\/cem.diecezjasandomierska.pl\/index.php?rest_route=\/wp\/v2\/types\/page"}],"author":[{"embeddable":true,"href":"https:\/\/cem.diecezjasandomierska.pl\/index.php?rest_route=\/wp\/v2\/users\/1"}],"replies":[{"embeddable":true,"href":"https:\/\/cem.diecezjasandomierska.pl\/index.php?rest_route=%2Fwp%2Fv2%2Fcomments&post=790"}],"version-history":[{"count":8,"href":"https:\/\/cem.diecezjasandomierska.pl\/index.php?rest_route=\/wp\/v2\/pages\/790\/revisions"}],"predecessor-version":[{"id":1457,"href":"https:\/\/cem.diecezjasandomierska.pl\/index.php?rest_route=\/wp\/v2\/pages\/790\/revisions\/1457"}],"wp:attachment":[{"href":"https:\/\/cem.diecezjasandomierska.pl\/index.php?rest_route=%2Fwp%2Fv2%2Fmedia&parent=790"}],"curies":[{"name":"wp","href":"https:\/\/api.w.org\/{rel}","templated":true}]}}